{"id":50180,"date":"2025-05-27T09:27:33","date_gmt":"2025-05-27T09:27:33","guid":{"rendered":"https:\/\/saralio.com\/zasady-ochrany-osobnych-udajov\/"},"modified":"2025-07-14T13:01:41","modified_gmt":"2025-07-14T13:01:41","slug":"zasady-ochrany-osobnych-udajov","status":"publish","type":"page","link":"https:\/\/saralio.com\/sk\/zasady-ochrany-osobnych-udajov\/","title":{"rendered":"Z\u00e1sady ochrany osobn\u00fdch \u00fadajov"},"content":{"rendered":"\n<section class=\"gb-element-5200751c herobg\">\n<div class=\"gb-element-a3e94833\">\n<div class=\"gb-element-9660a0fd\">\n<h2 class=\"gb-text gb-text-b55c1c70\">Z\u00e1sady ochrany osobn\u00fdch \u00fadajov<\/h2>\n<\/div>\n<\/div>\n<\/section>\n\n<div class=\"gb-element-8f93f005\">\n<p><em>Toto vyhl\u00e1senie o ochrane osobn\u00fdch \u00fadajov bolo naposledy aktualizovan\u00e9 4. j\u00fala 2025 a plat\u00ed pre ob\u010danov a pr\u00e1vnych trval\u00fdch obyvate\u013eov Eur\u00f3pskeho hospod\u00e1rskeho priestoru a \u0160vaj\u010diarska.<\/em><\/p>\n\n\n\n<p>V t\u00fdchto z\u00e1sad\u00e1ch ochrany osobn\u00fdch \u00fadajov vysvet\u013eujeme, ako nar\u00e1bame s \u00fadajmi, ktor\u00e9 o v\u00e1s z\u00edskavame prostredn\u00edctvom www.saralio.com.<\/p>\n\n\n\n<p>Odpor\u00fa\u010dame v\u00e1m si toto vyhl\u00e1senie pozorne pre\u010d\u00edta\u0165. Pri spracovan\u00ed \u00fadajov dodr\u017eiavame po\u017eiadavky z\u00e1konov o ochrane osobn\u00fdch \u00fadajov. To znamen\u00e1 okrem in\u00e9ho, \u017ee:  <\/p>\n\n\n\n<ul class=\"wp-block-list\">\n<li>jasne uv\u00e1dzame \u00fa\u010dely, na ktor\u00e9 sprac\u00favame osobn\u00e9 \u00fadaje. Rob\u00edme to prostredn\u00edctvom tohto vyhl\u00e1senia o ochrane osobn\u00fdch \u00fadajov; <\/li>\n\n\n\n<li>sna\u017e\u00edme sa obmedzi\u0165 zhroma\u017e\u010fovanie osobn\u00fdch \u00fadajov len na tie, ktor\u00e9 s\u00fa potrebn\u00e9 na legit\u00edmne \u00fa\u010dely;<\/li>\n\n\n\n<li>v pr\u00edpadoch, kde je potrebn\u00fd v\u00e1\u0161 s\u00fahlas, najsk\u00f4r si vy\u017eiada\u0165 v\u00e1\u0161 v\u00fdslovn\u00fd s\u00fahlas so spracovan\u00edm osobn\u00fdch \u00fadajov;<\/li>\n\n\n\n<li>prij\u00edmame primeran\u00e9 bezpe\u010dnostn\u00e9 opatrenia na ochranu va\u0161ich osobn\u00fdch \u00fadajov a po\u017eadujeme ich aj od str\u00e1n, ktor\u00e9 sprac\u00favaj\u00fa osobn\u00e9 \u00fadaje v na\u0161om mene;<\/li>\n\n\n\n<li>Re\u0161pektujeme va\u0161e pr\u00e1vo na pr\u00edstup k va\u0161im osobn\u00fdm \u00fadajom, ich opravu alebo vymazanie na v\u00e1\u0161 po\u017eiadanie.<\/li>\n<\/ul>\n\n\n\n<p>Ak m\u00e1te ak\u00e9ko\u013evek ot\u00e1zky alebo chcete vedie\u0165, ak\u00e9 \u00fadaje o v\u00e1s uchov\u00e1vame, nev\u00e1hajte n\u00e1s kontaktova\u0165.<\/p>\n\n\n\n<h2 class=\"wp-block-heading\">1. Cookies<\/h2>\n\n\n\n<p>Na\u0161a webov\u00e1 str\u00e1nka pou\u017e\u00edva cookies. Viac inform\u00e1ci\u00ed o cookies n\u00e1jdete v na\u0161ich <a href=\"https:\/\/saralio.com\/sk\/zasady-pouzivania-cookies-eu\/\" data-type=\"page\" data-id=\"49944\">Z\u00e1sad\u00e1ch pou\u017e\u00edvania cookies.<\/a>  <\/p>\n\n\n\n<h2 class=\"wp-block-heading\">2. Praktiky zverej\u0148ovania \u00fadajov<\/h2>\n\n\n\n<p>Osobn\u00e9 \u00fadaje zverej\u0148ujeme, ak to vy\u017eaduje z\u00e1kon alebo s\u00fadny pr\u00edkaz, na \u017eiados\u0165 org\u00e1nu \u010dinn\u00e9ho v trestnom konan\u00ed, v rozsahu povolenom in\u00fdmi pr\u00e1vnymi predpismi, na poskytnutie inform\u00e1ci\u00ed alebo na \u00fa\u010dely vy\u0161etrovania v z\u00e1le\u017eitostiach t\u00fdkaj\u00facich sa verejnej bezpe\u010dnosti.<\/p>\n\n\n\n<p>Ak d\u00f4jde k prevzatiu, predaju, zl\u00fa\u010deniu alebo akviz\u00edcii na\u0161ej webovej str\u00e1nky alebo organiz\u00e1cie, va\u0161e \u00fadaje m\u00f4\u017eu by\u0165 zverejnen\u00e9 na\u0161im poradcov a potenci\u00e1lnym kupcom a bud\u00fa odovzdan\u00e9 nov\u00fdm vlastn\u00edkom.<\/p>\n\n\n\n<p>Uzavreli sme dohodu o spracovan\u00ed \u00fadajov s Google.<\/p>\n\n\n\n<h2 class=\"wp-block-heading\">3. Bezpe\u010dnos\u0165<\/h2>\n\n\n\n<p>Zaviazali sme sa zabezpe\u010di\u0165 ochranu osobn\u00fdch \u00fadajov. Prij\u00edmame primeran\u00e9 bezpe\u010dnostn\u00e9 opatrenia, aby sme obmedzili zneu\u017e\u00edvanie a neopr\u00e1vnen\u00fd pr\u00edstup k osobn\u00fdm \u00fadajom. T\u00fdm zabezpe\u010dujeme, \u017ee k va\u0161im \u00fadajom maj\u00fa pr\u00edstup iba potrebn\u00e9 osoby, \u017ee pr\u00edstup je chr\u00e1nen\u00fd a \u017ee na\u0161e bezpe\u010dnostn\u00e9 opatrenia s\u00fa pravidelne kontrolovan\u00e9.  <\/p>\n\n\n\n<h2 class=\"wp-block-heading\">4. Webov\u00e9 str\u00e1nky tret\u00edch str\u00e1n<\/h2>\n\n\n\n<p>Toto vyhl\u00e1senie o ochrane osobn\u00fdch \u00fadajov sa nevz\u0165ahuje na webov\u00e9 str\u00e1nky tret\u00edch str\u00e1n, ktor\u00e9 s\u00fa prepojen\u00e9 cez odkazy na na\u0161ej str\u00e1nke. Nem\u00f4\u017eeme zaru\u010di\u0165, \u017ee tieto tretie strany nakladaj\u00fa s va\u0161imi osobn\u00fdmi \u00fadajmi spo\u013eahlivo alebo bezpe\u010dne. Odpor\u00fa\u010dame v\u00e1m pre\u010d\u00edta\u0165 si z\u00e1sady ochrany osobn\u00fdch \u00fadajov t\u00fdchto str\u00e1nok pred ich pou\u017eit\u00edm.  <\/p>\n\n\n\n<h2 class=\"wp-block-heading\">5. Zmeny tohto vyhl\u00e1senia o ochrane osobn\u00fdch \u00fadajov<\/h2>\n\n\n\n<p>Vyhradzujeme si pr\u00e1vo robi\u0165 zmeny v tomto vyhl\u00e1sen\u00ed o ochrane osobn\u00fdch \u00fadajov. Odpor\u00fa\u010dame v\u00e1m pravidelne si ho pre\u010d\u00edta\u0165, aby ste boli informovan\u00ed o pr\u00edpadn\u00fdch zmen\u00e1ch. Okrem toho v\u00e1s budeme, kde to bude mo\u017en\u00e9, akt\u00edvne informova\u0165.  <\/p>\n\n\n\n<h2 class=\"wp-block-heading\">6. Pr\u00edstup k va\u0161im \u00fadajom a ich \u00faprava<\/h2>\n\n\n\n<p>Ak m\u00e1te ak\u00e9ko\u013evek ot\u00e1zky alebo chcete vedie\u0165, ak\u00e9 osobn\u00e9 \u00fadaje o v\u00e1s m\u00e1me, pros\u00edm, kontaktujte n\u00e1s. <\/p>\n\n\n\n<p>M\u00f4\u017eete n\u00e1s kontaktova\u0165 pomocou ni\u017e\u0161ie uveden\u00fdch \u00fadajov. M\u00e1te nasledovn\u00e9 pr\u00e1va: <\/p>\n\n\n\n<ul class=\"wp-block-list\">\n<li>M\u00e1te pr\u00e1vo vedie\u0165, pre\u010do s\u00fa va\u0161e osobn\u00e9 \u00fadaje potrebn\u00e9, \u010do sa s nimi stane a ako dlho bud\u00fa uchov\u00e1van\u00e9.<\/li>\n\n\n\n<li>Pr\u00e1vo na pr\u00edstup: M\u00e1te pr\u00e1vo z\u00edska\u0165 pr\u00edstup k va\u0161im osobn\u00fdm \u00fadajom, ktor\u00e9 o v\u00e1s m\u00e1me.<\/li>\n\n\n\n<li>Pr\u00e1vo na opravu: M\u00e1te pr\u00e1vo doplni\u0165, opravi\u0165, vymaza\u0165 alebo zablokova\u0165 svoje osobn\u00e9 \u00fadaje kedyko\u013evek budete chcie\u0165.<\/li>\n\n\n\n<li>Ak n\u00e1m d\u00e1te s\u00fahlas so spracovan\u00edm va\u0161ich \u00fadajov, m\u00e1te pr\u00e1vo tento s\u00fahlas kedyko\u013evek odvola\u0165 a po\u017eiada\u0165 o vymazanie svojich osobn\u00fdch \u00fadajov.<\/li>\n\n\n\n<li>Pr\u00e1vo na prenos \u00fadajov: M\u00e1te pr\u00e1vo po\u017eiada\u0165 o v\u0161etky svoje osobn\u00e9 \u00fadaje od spr\u00e1vcu a prenies\u0165 ich v plnom rozsahu k in\u00e9mu spr\u00e1vcovi.<\/li>\n\n\n\n<li>Pr\u00e1vo namieta\u0165: M\u00f4\u017eete namieta\u0165 proti spracovaniu svojich \u00fadajov. Va\u0161u n\u00e1mietku re\u0161pektujeme, pokia\u013e neexistuj\u00fa opr\u00e1vnen\u00e9 d\u00f4vody na \u010fal\u0161ie spracovanie. <\/li>\n<\/ul>\n\n\n\n<p>Pros\u00edm, v\u017edy jasne uve\u010fte, kto ste, aby sme mali istotu, \u017ee neuprav\u00edme alebo nevyma\u017eeme \u00fadaje nespr\u00e1vnej osoby.<\/p>\n\n\n\n<h2 class=\"wp-block-heading\">7. Podanie s\u0165a\u017enosti<\/h2>\n\n\n\n<p>Ak nie ste spokojn\u00ed so sp\u00f4sobom, ak\u00fdm sprac\u00favame (va\u0161u s\u0165a\u017enos\u0165 t\u00fdkaj\u00facu sa) va\u0161ich osobn\u00fdch \u00fadajov, m\u00e1te pr\u00e1vo poda\u0165 s\u0165a\u017enos\u0165 na \u00darad na ochranu osobn\u00fdch \u00fadajov.<\/p>\n\n\n\n<h2 class=\"wp-block-heading\">8. Kontaktn\u00e9 \u00fadaje<\/h2>\n\n\n\n<p>Saralio [PLJ Media OU]<br\/>Harju maakond, Tallinn, P\u00e4rnu mnt 139e\/2, 11317, Estonia<\/p>\n\n\n\n<p>Website: www.saralio.com<br\/>Email: sales@saralio.com<br\/>Phone number: not supported<\/p>\n<\/div>\n\n<div><\/div>\n","protected":false},"excerpt":{"rendered":"<p>Z\u00e1sady ochrany osobn\u00fdch \u00fadajov Toto vyhl\u00e1senie o ochrane osobn\u00fdch \u00fadajov bolo naposledy aktualizovan\u00e9 4. j\u00fala 2025 a plat\u00ed pre ob\u010danov a pr\u00e1vnych trval\u00fdch obyvate\u013eov Eur\u00f3pskeho hospod\u00e1rskeho priestoru a \u0160vaj\u010diarska. V t\u00fdchto z\u00e1sad\u00e1ch ochrany osobn\u00fdch \u00fadajov vysvet\u013eujeme, ako nar\u00e1bame s \u00fadajmi, ktor\u00e9 o v\u00e1s z\u00edskavame prostredn\u00edctvom www.saralio.com. Odpor\u00fa\u010dame v\u00e1m si toto vyhl\u00e1senie pozorne pre\u010d\u00edta\u0165. Pri spracovan\u00ed &#8230; <a title=\"Z\u00e1sady ochrany osobn\u00fdch \u00fadajov\" class=\"read-more\" href=\"https:\/\/saralio.com\/sk\/zasady-ochrany-osobnych-udajov\/\" aria-label=\"Pre\u010d\u00edtajte si viac o Z\u00e1sady ochrany osobn\u00fdch \u00fadajov\">Read more<\/a><\/p>\n","protected":false},"author":1,"featured_media":0,"parent":0,"menu_order":0,"comment_status":"closed","ping_status":"closed","template":"","meta":{"inline_featured_image":false,"footnotes":""},"class_list":["post-50180","page","type-page","status-publish"],"_links":{"self":[{"href":"https:\/\/saralio.com\/sk\/wp-json\/wp\/v2\/pages\/50180","targetHints":{"allow":["GET"]}}],"collection":[{"href":"https:\/\/saralio.com\/sk\/wp-json\/wp\/v2\/pages"}],"about":[{"href":"https:\/\/saralio.com\/sk\/wp-json\/wp\/v2\/types\/page"}],"author":[{"embeddable":true,"href":"https:\/\/saralio.com\/sk\/wp-json\/wp\/v2\/users\/1"}],"replies":[{"embeddable":true,"href":"https:\/\/saralio.com\/sk\/wp-json\/wp\/v2\/comments?post=50180"}],"version-history":[{"count":1,"href":"https:\/\/saralio.com\/sk\/wp-json\/wp\/v2\/pages\/50180\/revisions"}],"predecessor-version":[{"id":50181,"href":"https:\/\/saralio.com\/sk\/wp-json\/wp\/v2\/pages\/50180\/revisions\/50181"}],"wp:attachment":[{"href":"https:\/\/saralio.com\/sk\/wp-json\/wp\/v2\/media?parent=50180"}],"curies":[{"name":"wp","href":"https:\/\/api.w.org\/{rel}","templated":true}]}}