{"id":50173,"date":"2025-07-02T10:08:20","date_gmt":"2025-07-02T10:08:20","guid":{"rendered":"https:\/\/saralio.com\/kontaktujte-nas\/"},"modified":"2025-07-14T12:51:40","modified_gmt":"2025-07-14T12:51:40","slug":"kontaktujte-nas","status":"publish","type":"page","link":"https:\/\/saralio.com\/sk\/kontaktujte-nas\/","title":{"rendered":"Kontaktujte n\u00e1s"},"content":{"rendered":"\n<section class=\"gb-element-5200751c herobg\">\n<div class=\"gb-element-a3e94833\">\n<div class=\"gb-element-9660a0fd\">\n<h2 class=\"gb-text gb-text-b55c1c70\"><span class=\"gradient\">Kontaktujte<\/span> n\u00e1s<\/h2>\n\n\n\n<p class=\"gb-text gb-text-3351c8fe\">Nap\u00ed\u0161te n\u00e1m na sales@saralio.com alebo si rovno dohodnite hovor cez formul\u00e1r ni\u017e\u0161ie.<\/p>\n<\/div>\n<\/div>\n<\/section>\n\n<div>\n<div>\n                <iframe\n                    class='easyappointments-iframe'\n                    src='https:\/\/book.saralio.com\/'\n                    width='100%'\n                    height='100%'\n                    style='border: none'\n                >\n                <\/iframe>\n            \n<\/div>\n<\/div>\n","protected":false},"excerpt":{"rendered":"<p>Kontaktujte n\u00e1s Nap\u00ed\u0161te n\u00e1m na sales@saralio.com alebo si rovno dohodnite hovor cez formul\u00e1r ni\u017e\u0161ie.<\/p>\n","protected":false},"author":1,"featured_media":0,"parent":0,"menu_order":0,"comment_status":"closed","ping_status":"closed","template":"","meta":{"inline_featured_image":false,"footnotes":""},"class_list":["post-50173","page","type-page","status-publish"],"_links":{"self":[{"href":"https:\/\/saralio.com\/sk\/wp-json\/wp\/v2\/pages\/50173","targetHints":{"allow":["GET"]}}],"collection":[{"href":"https:\/\/saralio.com\/sk\/wp-json\/wp\/v2\/pages"}],"about":[{"href":"https:\/\/saralio.com\/sk\/wp-json\/wp\/v2\/types\/page"}],"author":[{"embeddable":true,"href":"https:\/\/saralio.com\/sk\/wp-json\/wp\/v2\/users\/1"}],"replies":[{"embeddable":true,"href":"https:\/\/saralio.com\/sk\/wp-json\/wp\/v2\/comments?post=50173"}],"version-history":[{"count":2,"href":"https:\/\/saralio.com\/sk\/wp-json\/wp\/v2\/pages\/50173\/revisions"}],"predecessor-version":[{"id":50176,"href":"https:\/\/saralio.com\/sk\/wp-json\/wp\/v2\/pages\/50173\/revisions\/50176"}],"wp:attachment":[{"href":"https:\/\/saralio.com\/sk\/wp-json\/wp\/v2\/media?parent=50173"}],"curies":[{"name":"wp","href":"https:\/\/api.w.org\/{rel}","templated":true}]}}