{"id":50164,"date":"2021-05-30T18:26:45","date_gmt":"2021-05-30T18:26:45","guid":{"rendered":"https:\/\/saralio.com\/o-nas\/"},"modified":"2025-07-14T12:50:20","modified_gmt":"2025-07-14T12:50:20","slug":"o-nas","status":"publish","type":"page","link":"https:\/\/saralio.com\/sk\/o-nas\/","title":{"rendered":"O n\u00e1s"},"content":{"rendered":"\n<section class=\"gb-element-7f725f57 herobg\">\n<span class=\"gb-shape gb-shape-e8828bc3 gb-shape--divider\"><svg xmlns=\"http:\/\/www.w3.org\/2000\/svg\" preserveaspectratio=\"none\" viewbox=\"0 0 1200 130.3\"><path d=\"M0 107.9l40-22.2c40-21.9 120-66.9 200-62.2 80 4.4 160 57.8 240 53.3C560 72 640 10.4 720 1.2S880 37 960 59c80 22.3 160 22.3 200 22.3h40v49H0v-22.4z\"><\/path><\/svg><\/span>\n\n\n\n<div class=\"gb-element-59bc2263\">\n<div class=\"gb-element-ce0d3461\">\n<h1 class=\"gb-text gb-text-821e4291\"><span class=\"gradient\">Na\u0161a misia<\/span><\/h1>\n\n\n\n<p class=\"has-white-color has-text-color\">V Saralio ver\u00edme, \u017ee ka\u017ed\u00fd biznis, nech je ak\u00fdko\u013evek ve\u013ek\u00fd, si zasl\u00fa\u017ei jednoduch\u00fa a prirodzen\u00fa komunik\u00e1ciu so z\u00e1kazn\u00edkmi \u2013 kedyko\u013evek a kdeko\u013evek. Na\u0161ou misiou je spravi\u0165 pokro\u010dil\u00fa hlasov\u00fa AI dostupnou, jednoduchou na pou\u017eitie a skuto\u010dne u\u017eito\u010dnou pre firmy v\u0161etk\u00fdch ve\u013ekost\u00ed. <\/p>\n<\/div>\n<\/div>\n<\/section>\n\n<section class=\"gb-element-247aeb17\">\n<div class=\"gb-element-27fbb24b\">\n<h2 class=\"gb-text gb-text-27785ba9\">Na\u0161e <span class=\"gradient\">z\u00e1kladn\u00e9 hodnoty<\/span><\/h2>\n\n\n\n<h2 class=\"gb-text-233266b1 circlegradient\"><span class=\"gb-shape\"><svg xmlns=\"http:\/\/www.w3.org\/2000\/svg\" viewbox=\"0 0 256 256\"><rect width=\"256\" height=\"256\" fill=\"none\"><\/rect><circle cx=\"128\" cy=\"128\" r=\"104\"><\/circle><\/svg><\/span><span class=\"gb-text\">Inov\u00e1cie<\/span><\/h2>\n\n\n\n<p class=\"gb-headline gb-headline-04f1ea76 gb-headline-text\">Sna\u017e\u00edme sa neust\u00e1le pos\u00fava\u0165 hranice AI v re\u00e1lnom \u010dase, aby boli rozhovory e\u0161te chytrej\u0161ie, r\u00fdchlej\u0161ie a prirodzenej\u0161ie.<\/p>\n\n\n\n<h2 class=\"gb-text-7cbe24f4 circlegradient\"><span class=\"gb-shape\"><svg xmlns=\"http:\/\/www.w3.org\/2000\/svg\" viewbox=\"0 0 256 256\"><rect width=\"256\" height=\"256\" fill=\"none\"><\/rect><circle cx=\"128\" cy=\"128\" r=\"104\"><\/circle><\/svg><\/span><span class=\"gb-text\">Jednoduchos\u0165<\/span><\/h2>\n\n\n\n<p class=\"gb-headline gb-headline-2f966094 gb-headline-text\">Skvel\u00e1 technol\u00f3gia by mala by\u0165 jednoduch\u00e1 na pou\u017e\u00edvanie. My prin\u00e1\u0161ame hotov\u00e9 rie\u0161enia, ktor\u00e9 zapnete raz-dva, bez zbyto\u010dn\u00fdch starost\u00ed. <\/p>\n\n\n\n<h2 class=\"gb-text-a65f177b circlegradient\"><span class=\"gb-shape\"><svg xmlns=\"http:\/\/www.w3.org\/2000\/svg\" viewbox=\"0 0 256 256\"><rect width=\"256\" height=\"256\" fill=\"none\"><\/rect><circle cx=\"128\" cy=\"128\" r=\"104\"><\/circle><\/svg><\/span><span class=\"gb-text\">D\u00f4vera<\/span><\/h2>\n\n\n\n<p class=\"gb-headline gb-headline-bc117f62 gb-headline-text\">Bezpe\u010dnos\u0165, s\u00fakromie a spo\u013eahlivos\u0165 s\u00fa pre n\u00e1s na prvom mieste vo v\u0161etkom, \u010do vytv\u00e1rame.<\/p>\n\n\n\n<h2 class=\"gb-text-3b28873b circlegradient\"><span class=\"gb-shape\"><svg xmlns=\"http:\/\/www.w3.org\/2000\/svg\" viewbox=\"0 0 256 256\"><rect width=\"256\" height=\"256\" fill=\"none\"><\/rect><circle cx=\"128\" cy=\"128\" r=\"104\"><\/circle><\/svg><\/span><span class=\"gb-text\"><strong>Zameran\u00ed na v\u00fdsledky<\/strong><\/span><\/h2>\n\n\n\n<p class=\"gb-headline gb-headline-dffafe7c gb-headline-text\">Na\u0161im \u00faspechom je va\u0161a spokojnos\u0165 a spokojnos\u0165 va\u0161ich z\u00e1kazn\u00edkov.<\/p>\n<\/div>\n<\/section>\n\n<section class=\"gb-element-093e7df7\">\n<div class=\"gb-element-b05bd9c8\">\n<div class=\"gb-element-5881488e\">\n<h2 class=\"gb-text gb-text-24bf0b34\"><strong>Na\u0161a <span class=\"gradient\">filozofia:<\/span><\/strong><\/h2>\n\n\n\n<p>Milujeme, ke\u010f dok\u00e1\u017eeme spoji\u0165 \u013eud\u00ed a technol\u00f3gie. V\u010faka najmodernej\u0161ej AI a porozumeniu \u013eudskej komunik\u00e1cie pom\u00e1hame firm\u00e1m pon\u00faka\u0165 podporu, ktor\u00e1 je v\u017edy pr\u00edjemn\u00e1, r\u00fdchla a jednoduch\u00e1. <br\/><\/p>\n<\/div>\n\n\n\n<div class=\"gb-element-2df9672c\">\n<img loading=\"lazy\" decoding=\"async\" width=\"800\" height=\"520\" class=\"gb-media-744dd9a8\" src=\"https:\/\/saralio.com\/wp-content\/uploads\/2025\/06\/ai-lady-8-cutout-fade-tiny.png\" alt=\"\" title=\"ai-lady-8-cutout-fade tiny\" srcset=\"https:\/\/saralio.com\/wp-content\/uploads\/2025\/06\/ai-lady-8-cutout-fade-tiny.png 800w, https:\/\/saralio.com\/wp-content\/uploads\/2025\/06\/ai-lady-8-cutout-fade-tiny-300x195.png 300w, https:\/\/saralio.com\/wp-content\/uploads\/2025\/06\/ai-lady-8-cutout-fade-tiny-768x499.png 768w\" sizes=\"auto, (max-width: 800px) 100vw, 800px\" \/>\n<\/div>\n<\/div>\n<\/section>\n\n<section class=\"gb-element-3966446d\">\n<div class=\"gb-element-5992ff32\">\n<div class=\"gb-element-6ddfbfe8\">\n<img loading=\"lazy\" decoding=\"async\" width=\"800\" height=\"519\" class=\"gb-media-418a7b1a\" src=\"https:\/\/saralio.com\/wp-content\/uploads\/2025\/06\/brain2-tiny.png\" alt=\"\" title=\"brain2 tiny\" srcset=\"https:\/\/saralio.com\/wp-content\/uploads\/2025\/06\/brain2-tiny.png 800w, https:\/\/saralio.com\/wp-content\/uploads\/2025\/06\/brain2-tiny-300x195.png 300w, https:\/\/saralio.com\/wp-content\/uploads\/2025\/06\/brain2-tiny-768x498.png 768w\" sizes=\"auto, (max-width: 800px) 100vw, 800px\" \/>\n<\/div>\n\n\n\n<div class=\"gb-element-56c255b1\">\n<h2 class=\"gb-text gb-text-f19eba5d\">Na\u0161a <span class=\"gradient\">v\u00edzia<\/span><\/h2>\n\n\n\n<p>Chceme pom\u00f4c\u0165 firm\u00e1m zmeni\u0165 sp\u00f4sob, ak\u00fdm komunikuj\u00fa so z\u00e1kazn\u00edkmi a z\u00edskavaj\u00fa ich, pomocou prirodzenej AI hlasovej technol\u00f3gie v re\u00e1lnom \u010dase \u2013 aby skvel\u00ed AI asistenti boli dostupn\u00ed pre ka\u017ed\u00e9ho, nonstop.<\/p>\n<\/div>\n<\/div>\n<\/section>\n\n<section class=\"gb-element-5200751c herobg\">\n<div class=\"gb-element-a3e94833\">\n<div class=\"gb-element-9660a0fd\">\n<h1 class=\"gb-text gb-text-a250934b\"><span class=\"gradient\">Spolo\u010dnos\u0165<\/span><\/h1>\n\n\n\n<p class=\"has-white-color has-text-color\">V <strong>Saralio<\/strong> sme tu na to, aby sme firm\u00e1m a podnikate\u013eom pomohli pracova\u0165 m\u00fadrej\u0161ie, nie \u0165a\u017e\u0161ie.<\/p>\n\n\n\n<p>To, \u010do za\u010dalo ako jednoduch\u00fd n\u00e1pad, ako od\u013eah\u010di\u0165 telefonick\u00fa podporu, sa zmenilo na siln\u00e9ho AI hlasov\u00e9ho asistenta, ktor\u00e9mu d\u00f4veruj\u00fa progres\u00edvne t\u00edmy po celej Eur\u00f3pe. <\/p>\n\n\n\n<p>N\u00e1\u0161 t\u00edm tvoria traja zakladatelia s viac ako 30-ro\u010dn\u00fdmi sk\u00fasenos\u0165ami v softv\u00e9rovej v\u00fdvoji, e-commerce, optimaliz\u00e1cii biznisu, digit\u00e1lnom marketingu a predaji. <\/p>\n\n\n\n<p>Sp\u00e1jame \u0161pi\u010dkov\u00fa hlasov\u00fa AI, porozumenie prirodzen\u00e9mu jazyku a re\u00e1lne obchodn\u00e9 procesy, aby sme priniesli rie\u0161enie, ktor\u00e9 sa r\u00fdchlo nasad\u00ed, jednoducho pou\u017e\u00edva a je cenovo dostupn\u00e9 aj pri v\u00e4\u010d\u0161om rozsahu. <\/p>\n\n\n\n<p>So Saralio nielen\u017ee automatizujete rozhovory, ale z\u00e1rove\u0148 z\u00edskavate \u010das, \u0161etr\u00edte peniaze a nech\u00e1vate svoj biznis r\u00e1s\u0165 aj ke\u010f pr\u00e1ve oddychujete. <\/p>\n\n\n\n<p class=\"has-white-color has-text-color\">Dajte n\u00e1m vedie\u0165 a radi v\u00e1m uk\u00e1\u017eeme, ako na to so Saralio \u2013 sta\u010d\u00ed jeden hovor a sme tu pre v\u00e1s. <\/p>\n\n\n\n<a class=\"gb-text gb-text-e554bded\" href=\"https:\/\/saralio.com\/contact-us\/\">Ozvite sa n\u00e1m<\/a>\n<\/div>\n<\/div>\n<\/section>\n","protected":false},"excerpt":{"rendered":"<p>Na\u0161a misia V Saralio ver\u00edme, \u017ee ka\u017ed\u00fd biznis, nech je ak\u00fdko\u013evek ve\u013ek\u00fd, si zasl\u00fa\u017ei jednoduch\u00fa a prirodzen\u00fa komunik\u00e1ciu so z\u00e1kazn\u00edkmi \u2013 kedyko\u013evek a kdeko\u013evek. Na\u0161ou misiou je spravi\u0165 pokro\u010dil\u00fa hlasov\u00fa AI dostupnou, jednoduchou na pou\u017eitie a skuto\u010dne u\u017eito\u010dnou pre firmy v\u0161etk\u00fdch ve\u013ekost\u00ed. Na\u0161e z\u00e1kladn\u00e9 hodnoty Inov\u00e1cie Sna\u017e\u00edme sa neust\u00e1le pos\u00fava\u0165 hranice AI v re\u00e1lnom \u010dase, &#8230; <a title=\"O n\u00e1s\" class=\"read-more\" href=\"https:\/\/saralio.com\/sk\/o-nas\/\" aria-label=\"Pre\u010d\u00edtajte si viac o O n\u00e1s\">Read more<\/a><\/p>\n","protected":false},"author":1,"featured_media":0,"parent":0,"menu_order":0,"comment_status":"closed","ping_status":"closed","template":"","meta":{"inline_featured_image":false,"footnotes":""},"class_list":["post-50164","page","type-page","status-publish"],"_links":{"self":[{"href":"https:\/\/saralio.com\/sk\/wp-json\/wp\/v2\/pages\/50164","targetHints":{"allow":["GET"]}}],"collection":[{"href":"https:\/\/saralio.com\/sk\/wp-json\/wp\/v2\/pages"}],"about":[{"href":"https:\/\/saralio.com\/sk\/wp-json\/wp\/v2\/types\/page"}],"author":[{"embeddable":true,"href":"https:\/\/saralio.com\/sk\/wp-json\/wp\/v2\/users\/1"}],"replies":[{"embeddable":true,"href":"https:\/\/saralio.com\/sk\/wp-json\/wp\/v2\/comments?post=50164"}],"version-history":[{"count":1,"href":"https:\/\/saralio.com\/sk\/wp-json\/wp\/v2\/pages\/50164\/revisions"}],"predecessor-version":[{"id":50172,"href":"https:\/\/saralio.com\/sk\/wp-json\/wp\/v2\/pages\/50164\/revisions\/50172"}],"wp:attachment":[{"href":"https:\/\/saralio.com\/sk\/wp-json\/wp\/v2\/media?parent=50164"}],"curies":[{"name":"wp","href":"https:\/\/api.w.org\/{rel}","templated":true}]}}