{"id":50111,"date":"2025-07-02T10:08:20","date_gmt":"2025-07-02T10:08:20","guid":{"rendered":"https:\/\/saralio.com\/ota-yhteytta\/"},"modified":"2025-07-08T10:09:55","modified_gmt":"2025-07-08T10:09:55","slug":"ota-yhteytta","status":"publish","type":"page","link":"https:\/\/saralio.com\/fi\/ota-yhteytta\/","title":{"rendered":"Ota Yhteytt\u00e4"},"content":{"rendered":"\n<section class=\"gb-element-5200751c herobg\">\n<div class=\"gb-element-a3e94833\">\n<div class=\"gb-element-9660a0fd\">\n<h2 class=\"gb-text gb-text-b55c1c70\"><span class=\"gradient\">Ota Yhteytt\u00e4<\/span><\/h2>\n\n\n\n<p class=\"gb-text gb-text-3351c8fe\">Laita meille s\u00e4hk\u00f6postia osoitteeseen sales@saralio.com tai varaa juttutuokio lomakkeella alempana.<\/p>\n<\/div>\n<\/div>\n<\/section>\n\n<div>\n<div>\n                <iframe\n                    class='easyappointments-iframe'\n                    src='https:\/\/book.saralio.com\/'\n                    width='100%'\n                    height='100%'\n                    style='border: none'\n                >\n                <\/iframe>\n            \n<\/div>\n<\/div>\n","protected":false},"excerpt":{"rendered":"<p>Ota Yhteytt\u00e4 Laita meille s\u00e4hk\u00f6postia osoitteeseen sales@saralio.com tai varaa juttutuokio lomakkeella alempana.<\/p>\n","protected":false},"author":1,"featured_media":0,"parent":0,"menu_order":0,"comment_status":"closed","ping_status":"closed","template":"","meta":{"inline_featured_image":false,"footnotes":""},"class_list":["post-50111","page","type-page","status-publish"],"_links":{"self":[{"href":"https:\/\/saralio.com\/fi\/wp-json\/wp\/v2\/pages\/50111","targetHints":{"allow":["GET"]}}],"collection":[{"href":"https:\/\/saralio.com\/fi\/wp-json\/wp\/v2\/pages"}],"about":[{"href":"https:\/\/saralio.com\/fi\/wp-json\/wp\/v2\/types\/page"}],"author":[{"embeddable":true,"href":"https:\/\/saralio.com\/fi\/wp-json\/wp\/v2\/users\/1"}],"replies":[{"embeddable":true,"href":"https:\/\/saralio.com\/fi\/wp-json\/wp\/v2\/comments?post=50111"}],"version-history":[{"count":2,"href":"https:\/\/saralio.com\/fi\/wp-json\/wp\/v2\/pages\/50111\/revisions"}],"predecessor-version":[{"id":50113,"href":"https:\/\/saralio.com\/fi\/wp-json\/wp\/v2\/pages\/50111\/revisions\/50113"}],"wp:attachment":[{"href":"https:\/\/saralio.com\/fi\/wp-json\/wp\/v2\/media?parent=50111"}],"curies":[{"name":"wp","href":"https:\/\/api.w.org\/{rel}","templated":true}]}}