{"id":50071,"date":"2021-05-30T18:26:45","date_gmt":"2021-05-30T18:26:45","guid":{"rendered":"https:\/\/saralio.com\/saralio\/"},"modified":"2025-07-04T11:32:31","modified_gmt":"2025-07-04T11:32:31","slug":"saralio","status":"publish","type":"page","link":"https:\/\/saralio.com\/fi\/saralio\/","title":{"rendered":"Saralio"},"content":{"rendered":"\n<section class=\"gb-element-7f725f57 herobg\">\n<span class=\"gb-shape gb-shape-e8828bc3 gb-shape--divider\"><svg xmlns=\"http:\/\/www.w3.org\/2000\/svg\" preserveaspectratio=\"none\" viewbox=\"0 0 1200 130.3\"><path d=\"M0 107.9l40-22.2c40-21.9 120-66.9 200-62.2 80 4.4 160 57.8 240 53.3C560 72 640 10.4 720 1.2S880 37 960 59c80 22.3 160 22.3 200 22.3h40v49H0v-22.4z\"><\/path><\/svg><\/span>\n\n\n\n<div class=\"gb-element-59bc2263\">\n<div class=\"gb-element-ce0d3461\">\n<h1 class=\"gb-text gb-text-821e4291\"><span class=\"gradient\">Meid\u00e4n missiomme<\/span><\/h1>\n\n\n\n<p class=\"has-white-color has-text-color\">Me uskomme tulevaisuuteen, jossa jokainen yritys voi tarjota inhimillist\u00e4 ja vaivatonta asiakaskokemusta \u2013 ilman teknisi\u00e4 esteit\u00e4. Siksi rakennamme \u00e4\u00e4niteko\u00e4lyst\u00e4 ratkaisua, joka on selke\u00e4, saavutettava ja arvokas kaikille \u2013 pienist\u00e4 tiimeist\u00e4 suuriin organisaatioihin. <\/p>\n<\/div>\n<\/div>\n<\/section>\n\n<section class=\"gb-element-247aeb17\">\n<div class=\"gb-element-27fbb24b\">\n<h2 class=\"gb-text gb-text-27785ba9\"><span class=\"gradient\">Keskeiset arvomme<\/span><\/h2>\n\n\n\n<h2 class=\"gb-text-233266b1 circlegradient\"><span class=\"gb-shape\"><svg xmlns=\"http:\/\/www.w3.org\/2000\/svg\" viewbox=\"0 0 256 256\"><rect width=\"256\" height=\"256\" fill=\"none\"><\/rect><circle cx=\"128\" cy=\"128\" r=\"104\"><\/circle><\/svg><\/span><span class=\"gb-text\">Innovaatio<\/span><\/h2>\n\n\n\n<p class=\"gb-headline gb-headline-04f1ea76 gb-headline-text\">Laajennamme reaaliaikaisen teko\u00e4lyn mahdollisuuksia ja pyrimme aina \u00e4lykk\u00e4\u00e4mp\u00e4\u00e4n, nopeampaan ja luonnollisempaan vuorovaikutukseen.<\/p>\n\n\n\n<h2 class=\"gb-text-7cbe24f4 circlegradient\"><span class=\"gb-shape\"><svg xmlns=\"http:\/\/www.w3.org\/2000\/svg\" viewbox=\"0 0 256 256\"><rect width=\"256\" height=\"256\" fill=\"none\"><\/rect><circle cx=\"128\" cy=\"128\" r=\"104\"><\/circle><\/svg><\/span><span class=\"gb-text\">Yksinkertaisuus<\/span><\/h2>\n\n\n\n<p class=\"gb-headline gb-headline-2f966094 gb-headline-text\">Tehoa ilman s\u00e4\u00e4t\u00f6\u00e4. Me toimitamme valmiin ratkaisun \u2013 sin\u00e4 voit keskitty\u00e4 olennaiseen. <\/p>\n\n\n\n<h2 class=\"gb-text-a65f177b circlegradient\"><span class=\"gb-shape\"><svg xmlns=\"http:\/\/www.w3.org\/2000\/svg\" viewbox=\"0 0 256 256\"><rect width=\"256\" height=\"256\" fill=\"none\"><\/rect><circle cx=\"128\" cy=\"128\" r=\"104\"><\/circle><\/svg><\/span><span class=\"gb-text\">Luottamus<\/span><\/h2>\n\n\n\n<p class=\"gb-headline gb-headline-bc117f62 gb-headline-text\">Kaiken, mit\u00e4 rakennamme, perustana ovat turvallisuus, yksityisyys ja toimintavarmuus.<\/p>\n\n\n\n<h2 class=\"gb-text-3b28873b circlegradient\"><span class=\"gb-shape\"><svg xmlns=\"http:\/\/www.w3.org\/2000\/svg\" viewbox=\"0 0 256 256\"><rect width=\"256\" height=\"256\" fill=\"none\"><\/rect><circle cx=\"128\" cy=\"128\" r=\"104\"><\/circle><\/svg><\/span><span class=\"gb-text\"><strong>Tuloskeskeisyys<\/strong><\/span><\/h2>\n\n\n\n<p class=\"gb-headline gb-headline-dffafe7c gb-headline-text\">Olemme tyytyv\u00e4isi\u00e4 vasta, kun sin\u00e4 ja asiakkaasi olette.<\/p>\n<\/div>\n<\/section>\n\n<section class=\"gb-element-093e7df7\">\n<div class=\"gb-element-b05bd9c8\">\n<div class=\"gb-element-5881488e\">\n<h2 class=\"gb-text gb-text-24bf0b34\"><strong>Meid\u00e4n <span class=\"gradient\">filosofiamme:<\/span><\/strong><\/h2>\n\n\n\n<p>Haluamme tehd\u00e4 teknologiasta inhimillisemp\u00e4\u00e4. Kun yhdist\u00e4mme \u00e4lykk\u00e4\u00e4n teko\u00e4lyn ja ymm\u00e4rryksen ihmisten tavasta kommunikoida, syntyy asiakaspalvelua, joka on nopeaa, henkil\u00f6kohtaista ja toimii kuin itsest\u00e4\u00e4n. <br\/><\/p>\n<\/div>\n\n\n\n<div class=\"gb-element-2df9672c\">\n<img loading=\"lazy\" decoding=\"async\" width=\"800\" height=\"520\" class=\"gb-media-744dd9a8\" src=\"https:\/\/saralio.com\/wp-content\/uploads\/2025\/06\/ai-lady-8-cutout-fade-tiny.png\" alt=\"\" title=\"ai-lady-8-cutout-fade pieni\" srcset=\"https:\/\/saralio.com\/wp-content\/uploads\/2025\/06\/ai-lady-8-cutout-fade-tiny.png 800w, https:\/\/saralio.com\/wp-content\/uploads\/2025\/06\/ai-lady-8-cutout-fade-tiny-300x195.png 300w, https:\/\/saralio.com\/wp-content\/uploads\/2025\/06\/ai-lady-8-cutout-fade-tiny-768x499.png 768w\" sizes=\"auto, (max-width: 800px) 100vw, 800px\" \/>\n<\/div>\n<\/div>\n<\/section>\n\n<section class=\"gb-element-3966446d\">\n<div class=\"gb-element-5992ff32\">\n<div class=\"gb-element-6ddfbfe8\">\n<img loading=\"lazy\" decoding=\"async\" width=\"800\" height=\"519\" class=\"gb-media-418a7b1a\" src=\"https:\/\/saralio.com\/wp-content\/uploads\/2025\/06\/brain2-tiny.png\" alt=\"\" title=\"brain2 tiny\" srcset=\"https:\/\/saralio.com\/wp-content\/uploads\/2025\/06\/brain2-tiny.png 800w, https:\/\/saralio.com\/wp-content\/uploads\/2025\/06\/brain2-tiny-300x195.png 300w, https:\/\/saralio.com\/wp-content\/uploads\/2025\/06\/brain2-tiny-768x498.png 768w\" sizes=\"auto, (max-width: 800px) 100vw, 800px\" \/>\n<\/div>\n\n\n\n<div class=\"gb-element-56c255b1\">\n<h2 class=\"gb-text gb-text-f19eba5d\"><span class=\"gradient\">Visiomme<\/span><\/h2>\n\n\n\n<p>Haluamme tuoda luonnollisesti puhuvan teko\u00e4lyn kaikkien yritysten ulottuville \u2013 parantamaan asiakaskokemusta ja nopeuttamaan asiakashankintaa 24\/7.<\/p>\n<\/div>\n<\/div>\n<\/section>\n\n<section class=\"gb-element-5200751c herobg\">\n<div class=\"gb-element-a3e94833\">\n<div class=\"gb-element-9660a0fd\">\n<h1 class=\"gb-text gb-text-a250934b\"><span class=\"gradient\">Yritys<\/span><\/h1>\n\n\n\n<p class=\"has-white-color has-text-color\"><strong>Saraliolla<\/strong> haluamme auttaa yrityksi\u00e4 ja yritt\u00e4ji\u00e4 ty\u00f6skentelem\u00e4\u00e4n fiksummin \u2013 ei kovemmin.<\/p>\n\n\n\n<p>Yksinkertainen ajatus puhelinpalvelun helpottamisesta johti teko\u00e4lyavusteiseen \u00e4\u00e4nipalveluun, joka toimii jo monien eurooppalaisten tiimien luottokumppanina. <\/p>\n\n\n\n<p>Kolmen hengen perustajatiimimme on kerrytt\u00e4nyt yhteens\u00e4 yli 30 vuoden kokemuksen ohjelmistojen kehityksest\u00e4, verkkokaupasta, liiketoiminnan optimoinnista, digimarkkinoinnista ja myynnist\u00e4. <\/p>\n\n\n\n<p>K\u00e4yt\u00e4mme huippuluokan puhe-AI:ta ja luonnollisen kielen ymm\u00e4rryst\u00e4 yhdistettyn\u00e4 oikeisiin liiketoiminnan prosesseihin \u2013 lopputuloksena ratkaisu, joka on nopea ottaa k\u00e4ytt\u00f6\u00f6n, helppo k\u00e4ytt\u00e4\u00e4 ja j\u00e4rkev\u00e4n hintainen my\u00f6s isommassa mittakaavassa. <\/p>\n\n\n\n<p>T\u00e4m\u00e4 ei ole pelkk\u00e4\u00e4 automaatiota. Saralio s\u00e4\u00e4st\u00e4\u00e4 tunteja, leikkaa kuluja ja antaa yrityksellesi vapauden kasvaa 24\/7. <\/p>\n\n\n\n<p class=\"has-white-color has-text-color\">Voimme n\u00e4ytt\u00e4\u00e4, miten Saralio auttaa sinua saavuttamaan kaiken t\u00e4m\u00e4n \u2013 olemme vain puhelinsoiton p\u00e4\u00e4ss\u00e4. <\/p>\n\n\n\n<a class=\"gb-text gb-text-e554bded\" href=\"https:\/\/saralio.com\/contact-us\/\">Ota yhteytt\u00e4<\/a>\n<\/div>\n<\/div>\n<\/section>\n","protected":false},"excerpt":{"rendered":"<p>Meid\u00e4n missiomme Me uskomme tulevaisuuteen, jossa jokainen yritys voi tarjota inhimillist\u00e4 ja vaivatonta asiakaskokemusta \u2013 ilman teknisi\u00e4 esteit\u00e4. Siksi rakennamme \u00e4\u00e4niteko\u00e4lyst\u00e4 ratkaisua, joka on selke\u00e4, saavutettava ja arvokas kaikille \u2013 pienist\u00e4 tiimeist\u00e4 suuriin organisaatioihin. Keskeiset arvomme Innovaatio Laajennamme reaaliaikaisen teko\u00e4lyn mahdollisuuksia ja pyrimme aina \u00e4lykk\u00e4\u00e4mp\u00e4\u00e4n, nopeampaan ja luonnollisempaan vuorovaikutukseen. Yksinkertaisuus Tehoa ilman s\u00e4\u00e4t\u00f6\u00e4. Me toimitamme &#8230; <a title=\"Saralio\" class=\"read-more\" href=\"https:\/\/saralio.com\/fi\/saralio\/\" aria-label=\"Lue lis\u00e4\u00e4 aiheesta Saralio\">Lue lis\u00e4\u00e4<\/a><\/p>\n","protected":false},"author":1,"featured_media":0,"parent":0,"menu_order":0,"comment_status":"closed","ping_status":"closed","template":"","meta":{"inline_featured_image":false,"footnotes":""},"class_list":["post-50071","page","type-page","status-publish"],"_links":{"self":[{"href":"https:\/\/saralio.com\/fi\/wp-json\/wp\/v2\/pages\/50071","targetHints":{"allow":["GET"]}}],"collection":[{"href":"https:\/\/saralio.com\/fi\/wp-json\/wp\/v2\/pages"}],"about":[{"href":"https:\/\/saralio.com\/fi\/wp-json\/wp\/v2\/types\/page"}],"author":[{"embeddable":true,"href":"https:\/\/saralio.com\/fi\/wp-json\/wp\/v2\/users\/1"}],"replies":[{"embeddable":true,"href":"https:\/\/saralio.com\/fi\/wp-json\/wp\/v2\/comments?post=50071"}],"version-history":[{"count":1,"href":"https:\/\/saralio.com\/fi\/wp-json\/wp\/v2\/pages\/50071\/revisions"}],"predecessor-version":[{"id":50072,"href":"https:\/\/saralio.com\/fi\/wp-json\/wp\/v2\/pages\/50071\/revisions\/50072"}],"wp:attachment":[{"href":"https:\/\/saralio.com\/fi\/wp-json\/wp\/v2\/media?parent=50071"}],"curies":[{"name":"wp","href":"https:\/\/api.w.org\/{rel}","templated":true}]}}