{"id":50235,"date":"2025-07-02T10:08:20","date_gmt":"2025-07-02T10:08:20","guid":{"rendered":"https:\/\/saralio.com\/kontaktujte-nas\/"},"modified":"2025-07-15T14:25:53","modified_gmt":"2025-07-15T14:25:53","slug":"kontaktujte-nas","status":"publish","type":"page","link":"https:\/\/saralio.com\/cs\/kontaktujte-nas\/","title":{"rendered":"Kontaktujte n\u00e1s"},"content":{"rendered":"\n<section class=\"gb-element-5200751c herobg\">\n<div class=\"gb-element-a3e94833\">\n<div class=\"gb-element-9660a0fd\">\n<h2 class=\"gb-text gb-text-b55c1c70\"><span class=\"gradient\">Kontaktujte<\/span> n\u00e1s<\/h2>\n\n\n\n<p class=\"gb-text gb-text-3351c8fe\">Ozv\u011bte se n\u00e1m na\u202fsales@saralio.com\u202fnebo si domluvte hovor p\u0159es formul\u00e1\u0159 n\u00ed\u017ee.<\/p>\n<\/div>\n<\/div>\n<\/section>\n\n<div>\n<div>\n                <iframe\n                    class='easyappointments-iframe'\n                    src='https:\/\/book.saralio.com\/'\n                    width='100%'\n                    height='100%'\n                    style='border: none'\n                >\n                <\/iframe>\n            \n<\/div>\n<\/div>\n","protected":false},"excerpt":{"rendered":"<p>Kontaktujte n\u00e1s Ozv\u011bte se n\u00e1m na\u202fsales@saralio.com\u202fnebo si domluvte hovor p\u0159es formul\u00e1\u0159 n\u00ed\u017ee.<\/p>\n","protected":false},"author":1,"featured_media":0,"parent":0,"menu_order":0,"comment_status":"closed","ping_status":"closed","template":"","meta":{"inline_featured_image":false,"footnotes":""},"class_list":["post-50235","page","type-page","status-publish"],"_links":{"self":[{"href":"https:\/\/saralio.com\/cs\/wp-json\/wp\/v2\/pages\/50235","targetHints":{"allow":["GET"]}}],"collection":[{"href":"https:\/\/saralio.com\/cs\/wp-json\/wp\/v2\/pages"}],"about":[{"href":"https:\/\/saralio.com\/cs\/wp-json\/wp\/v2\/types\/page"}],"author":[{"embeddable":true,"href":"https:\/\/saralio.com\/cs\/wp-json\/wp\/v2\/users\/1"}],"replies":[{"embeddable":true,"href":"https:\/\/saralio.com\/cs\/wp-json\/wp\/v2\/comments?post=50235"}],"version-history":[{"count":2,"href":"https:\/\/saralio.com\/cs\/wp-json\/wp\/v2\/pages\/50235\/revisions"}],"predecessor-version":[{"id":50238,"href":"https:\/\/saralio.com\/cs\/wp-json\/wp\/v2\/pages\/50235\/revisions\/50238"}],"wp:attachment":[{"href":"https:\/\/saralio.com\/cs\/wp-json\/wp\/v2\/media?parent=50235"}],"curies":[{"name":"wp","href":"https:\/\/api.w.org\/{rel}","templated":true}]}}