{"id":50193,"date":"2021-05-30T18:26:45","date_gmt":"2021-05-30T18:26:45","guid":{"rendered":"https:\/\/saralio.com\/o-nas\/"},"modified":"2025-07-15T10:27:01","modified_gmt":"2025-07-15T10:27:01","slug":"o-nas","status":"publish","type":"page","link":"https:\/\/saralio.com\/cs\/o-nas\/","title":{"rendered":"O n\u00e1s"},"content":{"rendered":"\n<section class=\"gb-element-7f725f57 herobg\">\n<span class=\"gb-shape gb-shape-e8828bc3 gb-shape--divider\"><svg xmlns=\"http:\/\/www.w3.org\/2000\/svg\" preserveaspectratio=\"none\" viewbox=\"0 0 1200 130.3\"><path d=\"M0 107.9l40-22.2c40-21.9 120-66.9 200-62.2 80 4.4 160 57.8 240 53.3C560 72 640 10.4 720 1.2S880 37 960 59c80 22.3 160 22.3 200 22.3h40v49H0v-22.4z\"><\/path><\/svg><\/span>\n\n\n\n<div class=\"gb-element-59bc2263\">\n<div class=\"gb-element-ce0d3461\">\n<h1 class=\"gb-text gb-text-821e4291\"><span class=\"gradient\">Na\u0161e mise<\/span><\/h1>\n\n\n\n<p class=\"has-white-color has-text-color\">V Saraliu v\u011b\u0159\u00edme, \u017ee ka\u017ed\u00e1 firma \u2013 bez ohledu na svou velikost \u2013 si zaslou\u017e\u00ed snadnou a lidsky p\u016fsob\u00edc\u00ed komunikaci se z\u00e1kazn\u00edky, kdykoli a odkudkoli. Na\u0161\u00edm posl\u00e1n\u00edm je zjednodu\u0161it pokro\u010dilou hlasovou AI tak, aby byla p\u0159\u00edstupn\u00e1 a skute\u010dn\u011b p\u0159\u00ednosn\u00e1 pro v\u0161echny typy organizac\u00ed. <\/p>\n<\/div>\n<\/div>\n<\/section>\n\n<section class=\"gb-element-247aeb17\">\n<div class=\"gb-element-27fbb24b\">\n<h2 class=\"gb-text gb-text-27785ba9\">Na\u0161e <span class=\"gradient\">z\u00e1kladn\u00ed hodnoty<\/span><\/h2>\n\n\n\n<h2 class=\"gb-text-233266b1 circlegradient\"><span class=\"gb-shape\"><svg xmlns=\"http:\/\/www.w3.org\/2000\/svg\" viewbox=\"0 0 256 256\"><rect width=\"256\" height=\"256\" fill=\"none\"><\/rect><circle cx=\"128\" cy=\"128\" r=\"104\"><\/circle><\/svg><\/span><span class=\"gb-text\">Inovace<\/span><\/h2>\n\n\n\n<p class=\"gb-headline gb-headline-04f1ea76 gb-headline-text\">Posouv\u00e1me hranice toho, co je mo\u017en\u00e9 s AI v re\u00e1ln\u00e9m \u010dase \u2013 neust\u00e1le usilujeme o chyt\u0159ej\u0161\u00ed, rychlej\u0161\u00ed a p\u0159irozen\u011bj\u0161\u00ed interakce.<\/p>\n\n\n\n<h2 class=\"gb-text-7cbe24f4 circlegradient\"><span class=\"gb-shape\"><svg xmlns=\"http:\/\/www.w3.org\/2000\/svg\" viewbox=\"0 0 256 256\"><rect width=\"256\" height=\"256\" fill=\"none\"><\/rect><circle cx=\"128\" cy=\"128\" r=\"104\"><\/circle><\/svg><\/span><span class=\"gb-text\">Jednoduchost<\/span><\/h2>\n\n\n\n<p class=\"gb-headline gb-headline-2f966094 gb-headline-text\">V\u00fdkonn\u00e1 technologie by m\u011bla b\u00fdt snadn\u00e1 na pou\u017e\u00edv\u00e1n\u00ed. Nab\u00edz\u00edme hotov\u00e1 \u0159e\u0161en\u00ed bez zbyte\u010dn\u00e9 n\u00e1mahy a slo\u017eitost\u00ed. <\/p>\n\n\n\n<h2 class=\"gb-text-a65f177b circlegradient\"><span class=\"gb-shape\"><svg xmlns=\"http:\/\/www.w3.org\/2000\/svg\" viewbox=\"0 0 256 256\"><rect width=\"256\" height=\"256\" fill=\"none\"><\/rect><circle cx=\"128\" cy=\"128\" r=\"104\"><\/circle><\/svg><\/span><span class=\"gb-text\">D\u016fv\u011bra<\/span><\/h2>\n\n\n\n<p class=\"gb-headline gb-headline-bc117f62 gb-headline-text\">Bezpe\u010dnost, soukrom\u00ed a spolehlivost jsou z\u00e1kladem v\u0161eho, co vytv\u00e1\u0159\u00edme.<\/p>\n\n\n\n<h2 class=\"gb-text-3b28873b circlegradient\"><span class=\"gb-shape\"><svg xmlns=\"http:\/\/www.w3.org\/2000\/svg\" viewbox=\"0 0 256 256\"><rect width=\"256\" height=\"256\" fill=\"none\"><\/rect><circle cx=\"128\" cy=\"128\" r=\"104\"><\/circle><\/svg><\/span><span class=\"gb-text\"><strong>Zam\u011b\u0159eno na v\u00fdsledky<\/strong><\/span><\/h2>\n\n\n\n<p class=\"gb-headline gb-headline-dffafe7c gb-headline-text\">N\u00e1\u0161 \u00fasp\u011bch m\u011b\u0159\u00edme podle va\u0161\u00ed spokojenosti a \u00fasp\u011bchu va\u0161ich z\u00e1kazn\u00edk\u016f.<\/p>\n<\/div>\n<\/section>\n\n<section class=\"gb-element-093e7df7\">\n<div class=\"gb-element-b05bd9c8\">\n<div class=\"gb-element-5881488e\">\n<h2 class=\"gb-text gb-text-24bf0b34\"><strong>Na\u0161e <span class=\"gradient\">filozofie<\/span>:<\/strong><\/h2>\n\n\n\n<p>U n\u00e1s v Saraliu n\u00e1s bav\u00ed propojovat lidi a technologie. V\u011b\u0159\u00edme, \u017ee kdy\u017e se spoj\u00ed \u0161pi\u010dkov\u00e1 AI s opravdov\u00fdm pochopen\u00edm lidsk\u00e9 komunikace, vznikne n\u011bco v\u00fdjime\u010dn\u00e9ho. Pom\u00e1h\u00e1me firm\u00e1m poskytovat podporu, kter\u00e1 p\u016fsob\u00ed osobn\u011b, rychle a p\u0159irozen\u011b \u2013 p\u0159esn\u011b tak, jak by si to z\u00e1kazn\u00edci p\u0159\u00e1li. <br\/><\/p>\n<\/div>\n\n\n\n<div class=\"gb-element-2df9672c\">\n<img loading=\"lazy\" decoding=\"async\" width=\"800\" height=\"520\" class=\"gb-media-744dd9a8\" src=\"https:\/\/saralio.com\/wp-content\/uploads\/2025\/06\/ai-lady-8-cutout-fade-tiny.png\" alt=\"\" title=\"ai-lady-8-cutout-fade tiny\" srcset=\"https:\/\/saralio.com\/wp-content\/uploads\/2025\/06\/ai-lady-8-cutout-fade-tiny.png 800w, https:\/\/saralio.com\/wp-content\/uploads\/2025\/06\/ai-lady-8-cutout-fade-tiny-300x195.png 300w, https:\/\/saralio.com\/wp-content\/uploads\/2025\/06\/ai-lady-8-cutout-fade-tiny-768x499.png 768w\" sizes=\"auto, (max-width: 800px) 100vw, 800px\" \/>\n<\/div>\n<\/div>\n<\/section>\n\n<section class=\"gb-element-3966446d\">\n<div class=\"gb-element-5992ff32\">\n<div class=\"gb-element-6ddfbfe8\">\n<img loading=\"lazy\" decoding=\"async\" width=\"800\" height=\"519\" class=\"gb-media-418a7b1a\" src=\"https:\/\/saralio.com\/wp-content\/uploads\/2025\/06\/brain2-tiny.png\" alt=\"\" title=\"brain2 tiny\" srcset=\"https:\/\/saralio.com\/wp-content\/uploads\/2025\/06\/brain2-tiny.png 800w, https:\/\/saralio.com\/wp-content\/uploads\/2025\/06\/brain2-tiny-300x195.png 300w, https:\/\/saralio.com\/wp-content\/uploads\/2025\/06\/brain2-tiny-768x498.png 768w\" sizes=\"auto, (max-width: 800px) 100vw, 800px\" \/>\n<\/div>\n\n\n\n<div class=\"gb-element-56c255b1\">\n<h2 class=\"gb-text gb-text-f19eba5d\">Na\u0161e <span class=\"gradient\">vize<\/span><\/h2>\n\n\n\n<p>Na\u0161\u00ed viz\u00ed je d\u00e1t ka\u017ed\u00e9 firm\u011b mo\u017enost zlep\u0161it p\u00e9\u010di o z\u00e1kazn\u00edky i z\u00edsk\u00e1v\u00e1n\u00ed nov\u00fdch \u2013 d\u00edky hlasov\u00e9 AI, kter\u00e1 funguje v re\u00e1ln\u00e9m \u010dase, zn\u00ed p\u0159irozen\u011b a je dostupn\u00e1 24\/7. Chceme, aby \u0161pi\u010dkov\u00e1 AI nebyla jen pro vyvolen\u00e9, ale opravdu pro ka\u017ed\u00e9ho, kdo ji pot\u0159ebuje.<\/p>\n<\/div>\n<\/div>\n<\/section>\n\n<section class=\"gb-element-5200751c herobg\">\n<div class=\"gb-element-a3e94833\">\n<div class=\"gb-element-9660a0fd\">\n<h1 class=\"gb-text gb-text-a250934b\"><span class=\"gradient\">Spole\u010dnost<\/span><\/h1>\n\n\n\n<p class=\"has-white-color has-text-color\">V <strong>Saralio<\/strong> m\u00e1me jasnou misi: pom\u00e1hat firm\u00e1m a podnikatel\u016fm pracovat chyt\u0159eji, ne tvrd\u011bji.<\/p>\n\n\n\n<p>Za\u010dalo to jako jednoduch\u00fd n\u00e1pad \u2013 jak ulevit z\u00e1kaznick\u00e9 podpo\u0159e od neust\u00e1l\u00fdch telefon\u00e1t\u016f. Dnes z toho vyrostla v\u00fdkonn\u00e1 slu\u017eba s hlasovou AI, kterou vyu\u017e\u00edvaj\u00ed chytr\u00e9 firmy nap\u0159\u00ed\u010d Evropou. A jsme teprve na za\u010d\u00e1tku! <\/p>\n\n\n\n<p>Za Saraliem stoj\u00ed t\u0159i zakladatel\u00e9, kte\u0159\u00ed maj\u00ed dohromady p\u0159es 30 let zku\u0161enost\u00ed v oborech jako v\u00fdvoj softwaru, e-commerce, digit\u00e1ln\u00ed marketing, prodej a byznysov\u00e1 optimalizace. Ka\u017ed\u00fd z n\u00e1s p\u0159in\u00e1\u0161\u00ed n\u011bco jin\u00e9ho na st\u016fl \u2013 a pr\u00e1v\u011b d\u00edky tomu to cel\u00e9 skv\u011ble funguje. <\/p>\n\n\n\n<p>Spojujeme \u0161pi\u010dkovou hlasovou AI, porozum\u011bn\u00ed p\u0159irozen\u00e9mu jazyku a praktick\u00e9 firemn\u00ed procesy, abychom p\u0159inesli \u0159e\u0161en\u00ed, kter\u00e9 je rychl\u00e9 na nasazen\u00ed, jednoduch\u00e9 na pou\u017e\u00edv\u00e1n\u00ed a cenov\u011b dostupn\u00e9 i ve velk\u00e9m m\u011b\u0159\u00edtku. <\/p>\n\n\n\n<p>Se Saraliem nejde jen o to, \u017ee automatizujete hovory. Ve skute\u010dnosti t\u00edm uvol\u0148ujete spoustu \u010dasu, \u0161et\u0159\u00edte n\u00e1klady a nech\u00e1v\u00e1te sv\u016fj byznys r\u016fst, i kdy\u017e zrovna sp\u00edte. Prost\u011b chyt\u0159ej\u0161\u00ed zp\u016fsob, jak v\u011bci d\u011blat. <\/p>\n\n\n\n<p class=\"has-white-color has-text-color\">Nechte n\u00e1s v\u00e1m uk\u00e1zat, jak toho v\u0161eho m\u016f\u017eete dos\u00e1hnout se Saraliem \u2013 sta\u010d\u00ed jeden telefon\u00e1t a jsme v\u00e1m k dispozici. <\/p>\n\n\n\n<a class=\"gb-text gb-text-e554bded\" href=\"https:\/\/saralio.com\/contact-us\/\">Ozv\u011bte se n\u00e1m<\/a>\n<\/div>\n<\/div>\n<\/section>\n","protected":false},"excerpt":{"rendered":"<p>Na\u0161e mise V Saraliu v\u011b\u0159\u00edme, \u017ee ka\u017ed\u00e1 firma \u2013 bez ohledu na svou velikost \u2013 si zaslou\u017e\u00ed snadnou a lidsky p\u016fsob\u00edc\u00ed komunikaci se z\u00e1kazn\u00edky, kdykoli a odkudkoli. Na\u0161\u00edm posl\u00e1n\u00edm je zjednodu\u0161it pokro\u010dilou hlasovou AI tak, aby byla p\u0159\u00edstupn\u00e1 a skute\u010dn\u011b p\u0159\u00ednosn\u00e1 pro v\u0161echny typy organizac\u00ed. Na\u0161e z\u00e1kladn\u00ed hodnoty Inovace Posouv\u00e1me hranice toho, co je mo\u017en\u00e9 &#8230; <a title=\"O n\u00e1s\" class=\"read-more\" href=\"https:\/\/saralio.com\/cs\/o-nas\/\" aria-label=\"\u010c\u00edst v\u00edce o O n\u00e1s\">Read more<\/a><\/p>\n","protected":false},"author":1,"featured_media":0,"parent":0,"menu_order":0,"comment_status":"closed","ping_status":"closed","template":"","meta":{"inline_featured_image":false,"footnotes":""},"class_list":["post-50193","page","type-page","status-publish"],"_links":{"self":[{"href":"https:\/\/saralio.com\/cs\/wp-json\/wp\/v2\/pages\/50193","targetHints":{"allow":["GET"]}}],"collection":[{"href":"https:\/\/saralio.com\/cs\/wp-json\/wp\/v2\/pages"}],"about":[{"href":"https:\/\/saralio.com\/cs\/wp-json\/wp\/v2\/types\/page"}],"author":[{"embeddable":true,"href":"https:\/\/saralio.com\/cs\/wp-json\/wp\/v2\/users\/1"}],"replies":[{"embeddable":true,"href":"https:\/\/saralio.com\/cs\/wp-json\/wp\/v2\/comments?post=50193"}],"version-history":[{"count":1,"href":"https:\/\/saralio.com\/cs\/wp-json\/wp\/v2\/pages\/50193\/revisions"}],"predecessor-version":[{"id":50201,"href":"https:\/\/saralio.com\/cs\/wp-json\/wp\/v2\/pages\/50193\/revisions\/50201"}],"wp:attachment":[{"href":"https:\/\/saralio.com\/cs\/wp-json\/wp\/v2\/media?parent=50193"}],"curies":[{"name":"wp","href":"https:\/\/api.w.org\/{rel}","templated":true}]}}